{"id":38,"date":"2024-11-29T20:23:32","date_gmt":"2024-11-29T19:23:32","guid":{"rendered":"http:\/\/zahnteam-herford.de\/?page_id=38"},"modified":"2024-12-01T13:44:18","modified_gmt":"2024-12-01T12:44:18","slug":"praxis","status":"publish","type":"page","link":"https:\/\/www.zahnteam-herford.de\/index.php\/praxis\/","title":{"rendered":"Praxis"},"content":{"rendered":"\n<figure class=\"wp-block-image alignfull size-full\"><img loading=\"lazy\" decoding=\"async\" width=\"1000\" height=\"240\" src=\"http:\/\/zahnteam-herford.de\/wp-content\/uploads\/2024\/11\/head2.jpg\" alt=\"\" class=\"wp-image-133\"\/><\/figure>\n\n\n\n<p><\/p>\n\n\n\n<div class=\"wp-block-columns is-layout-flex wp-container-core-columns-is-layout-88f68325 wp-block-columns-is-layout-flex\" style=\"padding-right:0rem;padding-left:0rem\">\n<div class=\"wp-block-column is-layout-flow wp-block-column-is-layout-flow\" style=\"flex-basis:55%\">\n<h3 class=\"wp-block-heading\"><strong>Besuchen Sie unseren Rundgang durch die Zahnarztpraxis<\/strong><\/h3>\n\n\n\n<p class=\"has-medium-font-size\">Wir freuen uns sehr, dass Sie sich \u00fcber unsere Zahnarztpraxis informieren m\u00f6chten.<br>Gerne laden wir Sie ein, sich einen ersten Eindruck von unseren R\u00e4umlichkeiten zu machen.<\/p>\n<\/div>\n\n\n\n<div class=\"wp-block-column is-layout-flow wp-block-column-is-layout-flow\">\n<h3 class=\"wp-block-heading\"><strong>ISO-Zertifizierung (Qualit\u00e4tsmanagement)<\/strong><\/h3>\n\n\n\n<p class=\"has-medium-font-size\">Unsere Praxis ist seit dem 20.04.2009 nach EN ISO 9001:2000 zertifiziert, dies bedeutet, dass s\u00e4mtliche Abl\u00e4ufe einem international g\u00fcltigen Standard unterliegen und regelm\u00e4\u00dfig von der zust\u00e4ndigen Zertifizierungsstelle \u00fcberpr\u00fcft werden.<\/p>\n\n\n\n<figure class=\"wp-block-image size-full\"><img loading=\"lazy\" decoding=\"async\" width=\"120\" height=\"120\" src=\"http:\/\/zahnteam-herford.de\/wp-content\/uploads\/2024\/11\/iso9001_2000.jpg\" alt=\"\" class=\"wp-image-135\"\/><\/figure>\n<\/div>\n<\/div>\n\n\n\n<figure class=\"wp-block-gallery has-nested-images columns-default is-cropped wp-block-gallery-1 is-layout-flex wp-block-gallery-is-layout-flex\">\n<figure class=\"wp-block-image size-large\"><img loading=\"lazy\" decoding=\"async\" width=\"800\" height=\"550\" data-id=\"141\" src=\"http:\/\/zahnteam-herford.de\/wp-content\/uploads\/2024\/11\/praxisrundgang1.jpg\" alt=\"\" class=\"wp-image-141\"\/><\/figure>\n\n\n\n<figure class=\"wp-block-image size-large\"><img loading=\"lazy\" decoding=\"async\" width=\"800\" height=\"550\" data-id=\"138\" src=\"http:\/\/zahnteam-herford.de\/wp-content\/uploads\/2024\/11\/praxisrundgang2.jpg\" alt=\"\" class=\"wp-image-138\"\/><\/figure>\n\n\n\n<figure class=\"wp-block-image size-large\"><img loading=\"lazy\" decoding=\"async\" width=\"800\" height=\"550\" data-id=\"139\" src=\"http:\/\/zahnteam-herford.de\/wp-content\/uploads\/2024\/11\/praxisrundgang3.jpg\" alt=\"\" class=\"wp-image-139\"\/><\/figure>\n\n\n\n<figure class=\"wp-block-image size-large\"><img loading=\"lazy\" decoding=\"async\" width=\"800\" height=\"550\" data-id=\"137\" src=\"http:\/\/zahnteam-herford.de\/wp-content\/uploads\/2024\/11\/praxisrundgang4.jpg\" alt=\"\" class=\"wp-image-137\"\/><\/figure>\n\n\n\n<figure class=\"wp-block-image size-large\"><img loading=\"lazy\" decoding=\"async\" width=\"399\" height=\"600\" data-id=\"136\" src=\"http:\/\/zahnteam-herford.de\/wp-content\/uploads\/2024\/11\/praxisrundgang5.jpg\" alt=\"\" class=\"wp-image-136\"\/><\/figure>\n\n\n\n<figure class=\"wp-block-image size-large\"><img loading=\"lazy\" decoding=\"async\" width=\"399\" height=\"600\" data-id=\"140\" src=\"http:\/\/zahnteam-herford.de\/wp-content\/uploads\/2024\/11\/praxisrundgang6.jpg\" alt=\"\" class=\"wp-image-140\"\/><\/figure>\n\n\n\n<figure class=\"wp-block-image size-large\"><img loading=\"lazy\" decoding=\"async\" width=\"800\" height=\"550\" data-id=\"143\" src=\"http:\/\/zahnteam-herford.de\/wp-content\/uploads\/2024\/11\/praxisrundgang7.jpg\" alt=\"\" class=\"wp-image-143\"\/><\/figure>\n\n\n\n<figure class=\"wp-block-image size-large\"><img loading=\"lazy\" decoding=\"async\" width=\"800\" height=\"550\" data-id=\"145\" src=\"http:\/\/zahnteam-herford.de\/wp-content\/uploads\/2024\/11\/praxisrundgang8.jpg\" alt=\"\" class=\"wp-image-145\"\/><\/figure>\n\n\n\n<figure class=\"wp-block-image size-large\"><img loading=\"lazy\" decoding=\"async\" width=\"800\" height=\"550\" data-id=\"144\" src=\"http:\/\/zahnteam-herford.de\/wp-content\/uploads\/2024\/11\/praxisrundgang9.jpg\" alt=\"\" class=\"wp-image-144\"\/><\/figure>\n\n\n\n<figure class=\"wp-block-image size-large\"><img loading=\"lazy\" decoding=\"async\" width=\"800\" height=\"550\" data-id=\"146\" src=\"http:\/\/zahnteam-herford.de\/wp-content\/uploads\/2024\/11\/praxisrundgang10.jpg\" alt=\"\" class=\"wp-image-146\"\/><\/figure>\n\n\n\n<figure class=\"wp-block-image size-large\"><img loading=\"lazy\" decoding=\"async\" width=\"800\" height=\"550\" data-id=\"147\" src=\"http:\/\/zahnteam-herford.de\/wp-content\/uploads\/2024\/11\/praxisrundgang11.jpg\" alt=\"\" class=\"wp-image-147\"\/><\/figure>\n\n\n\n<figure class=\"wp-block-image size-large\"><img loading=\"lazy\" decoding=\"async\" width=\"399\" height=\"600\" data-id=\"142\" src=\"http:\/\/zahnteam-herford.de\/wp-content\/uploads\/2024\/11\/praxisrundgang13.jpg\" alt=\"\" class=\"wp-image-142\"\/><\/figure>\n\n\n\n<figure class=\"wp-block-image size-large\"><img loading=\"lazy\" decoding=\"async\" width=\"399\" height=\"600\" data-id=\"150\" src=\"http:\/\/zahnteam-herford.de\/wp-content\/uploads\/2024\/11\/praxisrundgang14.jpg\" alt=\"\" class=\"wp-image-150\"\/><\/figure>\n\n\n\n<figure class=\"wp-block-image size-large\"><img loading=\"lazy\" decoding=\"async\" width=\"399\" height=\"600\" data-id=\"148\" src=\"http:\/\/zahnteam-herford.de\/wp-content\/uploads\/2024\/11\/praxisrundgang15.jpg\" alt=\"\" class=\"wp-image-148\"\/><\/figure>\n\n\n\n<figure class=\"wp-block-image size-large\"><img loading=\"lazy\" decoding=\"async\" width=\"399\" height=\"600\" data-id=\"149\" src=\"http:\/\/zahnteam-herford.de\/wp-content\/uploads\/2024\/11\/praxisrundgang16.jpg\" alt=\"\" class=\"wp-image-149\"\/><\/figure>\n<\/figure>\n\n\n\n<p><\/p>\n","protected":false},"excerpt":{"rendered":"<p>Besuchen Sie unseren Rundgang durch die Zahnarztpraxis Wir freuen uns sehr, dass Sie sich \u00fcber unsere Zahnarztpraxis informieren m\u00f6chten.Gerne laden wir Sie ein, sich einen ersten Eindruck von unseren R\u00e4umlichkeiten zu machen. ISO-Zertifizierung (Qualit\u00e4tsmanagement) Unsere Praxis ist seit dem 20.04.2009 nach EN ISO 9001:2000 zertifiziert, dies bedeutet, dass s\u00e4mtliche Abl\u00e4ufe einem international g\u00fcltigen Standard unterliegen&hellip;&nbsp;<a href=\"https:\/\/www.zahnteam-herford.de\/index.php\/praxis\/\" rel=\"bookmark\">Weiterlesen &raquo;<span class=\"screen-reader-text\">Praxis<\/span><\/a><\/p>\n","protected":false},"author":1,"featured_media":0,"parent":0,"menu_order":0,"comment_status":"closed","ping_status":"closed","template":"","meta":{"neve_meta_sidebar":"","neve_meta_container":"","neve_meta_enable_content_width":"","neve_meta_content_width":0,"neve_meta_title_alignment":"","neve_meta_author_avatar":"","neve_post_elements_order":"","neve_meta_disable_header":"","neve_meta_disable_footer":"","neve_meta_disable_title":"on","iawp_total_views":564,"footnotes":""},"class_list":["post-38","page","type-page","status-publish","hentry"],"_links":{"self":[{"href":"https:\/\/www.zahnteam-herford.de\/index.php\/wp-json\/wp\/v2\/pages\/38","targetHints":{"allow":["GET"]}}],"collection":[{"href":"https:\/\/www.zahnteam-herford.de\/index.php\/wp-json\/wp\/v2\/pages"}],"about":[{"href":"https:\/\/www.zahnteam-herford.de\/index.php\/wp-json\/wp\/v2\/types\/page"}],"author":[{"embeddable":true,"href":"https:\/\/www.zahnteam-herford.de\/index.php\/wp-json\/wp\/v2\/users\/1"}],"replies":[{"embeddable":true,"href":"https:\/\/www.zahnteam-herford.de\/index.php\/wp-json\/wp\/v2\/comments?post=38"}],"version-history":[{"count":4,"href":"https:\/\/www.zahnteam-herford.de\/index.php\/wp-json\/wp\/v2\/pages\/38\/revisions"}],"predecessor-version":[{"id":210,"href":"https:\/\/www.zahnteam-herford.de\/index.php\/wp-json\/wp\/v2\/pages\/38\/revisions\/210"}],"wp:attachment":[{"href":"https:\/\/www.zahnteam-herford.de\/index.php\/wp-json\/wp\/v2\/media?parent=38"}],"curies":[{"name":"wp","href":"https:\/\/api.w.org\/{rel}","templated":true}]}}