{"id":41,"date":"2024-11-29T20:23:33","date_gmt":"2024-11-29T19:23:33","guid":{"rendered":"http:\/\/zahnteam-herford.de\/?page_id=41"},"modified":"2026-04-05T11:11:08","modified_gmt":"2026-04-05T09:11:08","slug":"kontakt","status":"publish","type":"page","link":"https:\/\/www.zahnteam-herford.de\/index.php\/kontakt\/","title":{"rendered":"Kontakt"},"content":{"rendered":"\n<figure class=\"wp-block-image alignfull size-full\"><img loading=\"lazy\" decoding=\"async\" width=\"1000\" height=\"240\" src=\"http:\/\/zahnteam-herford.de\/wp-content\/uploads\/2024\/11\/head6.jpg\" alt=\"\" class=\"wp-image-171\"\/><\/figure>\n\n\n\n<p><\/p>\n\n\n\n<div class=\"wp-block-columns is-layout-flex wp-container-core-columns-is-layout-88f68325 wp-block-columns-is-layout-flex\" style=\"padding-right:0rem;padding-left:0rem\">\n<div class=\"wp-block-column is-layout-flow wp-block-column-is-layout-flow\">\n<h3 class=\"wp-block-heading\"><strong>Dr. Sabine G\u00f6hner<\/strong><\/h3>\n\n\n\n<p class=\"has-medium-font-size\">Elverdisser Stra\u00dfe 370<br>32052 Herford<br>(Gegen\u00fcber von AHLERS)<\/p>\n\n\n\n<h3 class=\"wp-block-heading\"><strong>Telefon<\/strong><\/h3>\n\n\n\n<p class=\"has-medium-font-size\"><a href=\"tel:0522170171\">05221\/70171<\/a><\/p>\n\n\n\n<h3 class=\"wp-block-heading\"><strong>E-Mail<\/strong><\/h3>\n\n\n\n<p class=\"has-medium-font-size\"><a href=\"mailto:dres.kuhlmann.goehner@t-online.de\">dres.kuhlmann.goehner@t-online.de<\/a><\/p>\n<\/div>\n\n\n\n<div class=\"wp-block-column is-layout-flow wp-block-column-is-layout-flow\">\n<h3 class=\"wp-block-heading\"><strong>\u00d6ffnungszeiten<\/strong><\/h3>\n\n\n\n<p class=\"has-medium-font-size\">Montag, Dienstag<br>8:30 &#8211; 12:30 und 14:30 \u2013 18:00 Uhr<\/p>\n\n\n\n<p class=\"has-medium-font-size\">Mittwoch, Donnerstag<br>8:30 \u2013 18:00 Uhr durchgehend ge\u00f6ffnet<br>In den Schulferien Mittwoch Nachmittag geschlossen<\/p>\n\n\n\n<p class=\"has-medium-font-size\">Freitag<br>8:30 \u2013 14:15 Uhr<\/p>\n<\/div>\n<\/div>\n\n\n\n<div class=\"wp-block-columns is-layout-flex wp-container-core-columns-is-layout-88f68325 wp-block-columns-is-layout-flex\" style=\"padding-right:0rem;padding-left:0rem\">\n<div class=\"wp-block-column is-layout-flow wp-block-column-is-layout-flow\">\n<h3 class=\"wp-block-heading\"><strong>Bitte beachten Sie<\/strong><\/h3>\n\n\n\n<p class=\"has-medium-font-size\">Diese E-Mail-Adresse wird lediglich aufgrund der neuen gesetzlichen Bestimmungen (TDG) angegeben. Sie dient nicht zur t\u00e4glichen Kommunikation mit der Praxis, da wir aus verst\u00e4ndlichen Sicherheitsgr\u00fcnden unsere Praxis-EDV nicht mit dem Internet verbinden. <br>Wir bitten Sie daher, Termine nur telefonisch zu vereinbaren.<\/p>\n<\/div>\n\n\n\n<div class=\"wp-block-column is-layout-flow wp-block-column-is-layout-flow\">\n<h3 class=\"wp-block-heading\"><strong>Terminvereinbarung<\/strong><\/h3>\n\n\n\n<p class=\"has-medium-font-size\">Da wir eine reine Bestellpraxis sind, bitten wir Sie nach M\u00f6glichkeit um eine telefonische Terminvereinbarung. Dies ist wichtig, damit f\u00fcr Sie keine Wartezeiten entstehen.<\/p>\n<\/div>\n<\/div>\n\n\n\n<p><\/p>\n\n\n\n<p><\/p>\n","protected":false},"excerpt":{"rendered":"<p>Dr. Sabine G\u00f6hner Elverdisser Stra\u00dfe 37032052 Herford(Gegen\u00fcber von AHLERS) Telefon 05221\/70171 E-Mail dres.kuhlmann.goehner@t-online.de \u00d6ffnungszeiten Montag, Dienstag8:30 &#8211; 12:30 und 14:30 \u2013 18:00 Uhr Mittwoch, Donnerstag8:30 \u2013 18:00 Uhr durchgehend ge\u00f6ffnetIn den Schulferien Mittwoch Nachmittag geschlossen Freitag8:30 \u2013 14:15 Uhr Bitte beachten Sie Diese E-Mail-Adresse wird lediglich aufgrund der neuen gesetzlichen Bestimmungen (TDG) angegeben. Sie dient&hellip;&nbsp;<a href=\"https:\/\/www.zahnteam-herford.de\/index.php\/kontakt\/\" rel=\"bookmark\">Weiterlesen &raquo;<span class=\"screen-reader-text\">Kontakt<\/span><\/a><\/p>\n","protected":false},"author":1,"featured_media":0,"parent":0,"menu_order":0,"comment_status":"closed","ping_status":"closed","template":"","meta":{"neve_meta_sidebar":"","neve_meta_container":"","neve_meta_enable_content_width":"","neve_meta_content_width":0,"neve_meta_title_alignment":"","neve_meta_author_avatar":"","neve_post_elements_order":"","neve_meta_disable_header":"","neve_meta_disable_footer":"","neve_meta_disable_title":"on","iawp_total_views":987,"footnotes":""},"class_list":["post-41","page","type-page","status-publish","hentry"],"_links":{"self":[{"href":"https:\/\/www.zahnteam-herford.de\/index.php\/wp-json\/wp\/v2\/pages\/41","targetHints":{"allow":["GET"]}}],"collection":[{"href":"https:\/\/www.zahnteam-herford.de\/index.php\/wp-json\/wp\/v2\/pages"}],"about":[{"href":"https:\/\/www.zahnteam-herford.de\/index.php\/wp-json\/wp\/v2\/types\/page"}],"author":[{"embeddable":true,"href":"https:\/\/www.zahnteam-herford.de\/index.php\/wp-json\/wp\/v2\/users\/1"}],"replies":[{"embeddable":true,"href":"https:\/\/www.zahnteam-herford.de\/index.php\/wp-json\/wp\/v2\/comments?post=41"}],"version-history":[{"count":9,"href":"https:\/\/www.zahnteam-herford.de\/index.php\/wp-json\/wp\/v2\/pages\/41\/revisions"}],"predecessor-version":[{"id":419,"href":"https:\/\/www.zahnteam-herford.de\/index.php\/wp-json\/wp\/v2\/pages\/41\/revisions\/419"}],"wp:attachment":[{"href":"https:\/\/www.zahnteam-herford.de\/index.php\/wp-json\/wp\/v2\/media?parent=41"}],"curies":[{"name":"wp","href":"https:\/\/api.w.org\/{rel}","templated":true}]}}