{"id":58,"date":"2024-11-29T20:41:16","date_gmt":"2024-11-29T19:41:16","guid":{"rendered":"http:\/\/zahnteam-herford.de\/?page_id=58"},"modified":"2026-04-05T11:00:05","modified_gmt":"2026-04-05T09:00:05","slug":"impressum","status":"publish","type":"page","link":"https:\/\/www.zahnteam-herford.de\/index.php\/impressum\/","title":{"rendered":"Impressum"},"content":{"rendered":"\n<figure class=\"wp-block-image alignfull size-full\"><img loading=\"lazy\" decoding=\"async\" width=\"1000\" height=\"240\" src=\"http:\/\/zahnteam-herford.de\/wp-content\/uploads\/2024\/11\/head8.jpg\" alt=\"\" class=\"wp-image-183\"\/><\/figure>\n\n\n\n<p><\/p>\n\n\n\n<div class=\"wp-block-columns is-layout-flex wp-container-core-columns-is-layout-88f68325 wp-block-columns-is-layout-flex\" style=\"padding-right:0rem;padding-left:0rem\">\n<div class=\"wp-block-column is-layout-flow wp-block-column-is-layout-flow\">\n<h2 class=\"wp-block-heading\"><strong>Angaben gem\u00e4\u00df \u00a75 TMG<\/strong> <\/h2>\n\n\n\n<h3 class=\"wp-block-heading\"><strong>Zahnarztpraxis<\/strong><\/h3>\n\n\n\n<p class=\"has-medium-font-size\">Dr. med. dent. Sabine G\u00f6hner<\/p>\n\n\n\n<h3 class=\"wp-block-heading\"><strong>Anschrift<\/strong><\/h3>\n\n\n\n<p class=\"has-medium-font-size\">Elverdisser Stra\u00dfe 370<br>32052 Herford<\/p>\n\n\n\n<h3 class=\"wp-block-heading\"><strong>Telefon<\/strong><\/h3>\n\n\n\n<p class=\"has-medium-font-size\"><a href=\"tel:0522170171\">05221\/70171<\/a><\/p>\n\n\n\n<h3 class=\"wp-block-heading\"><strong>E-Mail<\/strong><\/h3>\n\n\n\n<p class=\"has-medium-font-size\"><a href=\"mailto:dres.kuhlmann.goehner@t-online.de\">dres.kuhlmann.goehner@t-online.de<\/a><\/p>\n\n\n\n<h3 class=\"wp-block-heading\"><strong>Steuer-Nr.<\/strong><\/h3>\n\n\n\n<p class=\"has-medium-font-size\">324\/5831\/0450<\/p>\n\n\n\n<h3 class=\"wp-block-heading\"><strong>Inhaltlich verantwortlich<\/strong><\/h3>\n\n\n\n<p class=\"has-medium-font-size\">Dr. med. dent. Sabine G\u00f6hner<\/p>\n\n\n\n<h3 class=\"wp-block-heading\"><strong>Berufsbezeichnung<\/strong><\/h3>\n\n\n\n<p class=\"has-medium-font-size\">Dr. med. dent. Sabine G\u00f6hner<br>Zahn\u00e4rztin (verliehen in der Bundesrepublik Deutschland)<\/p>\n\n\n\n<h3 class=\"wp-block-heading\"><strong>Zust\u00e4ndige Aufsichtsbeh\u00f6rde<\/strong><\/h3>\n\n\n\n<p class=\"has-medium-font-size\">Kassenzahn\u00e4rztliche Vereinigung Westfalen-Lippe<br>Auf der Horst 29, 48147 M\u00fcnster, Tel. 0251.507-0<\/p>\n\n\n\n<h3 class=\"wp-block-heading\"><strong>Zust\u00e4ndige Kammer f\u00fcr berufsrechtliche Regelungen<\/strong><\/h3>\n\n\n\n<p class=\"has-medium-font-size\">Zahn\u00e4rztekammer Westfalen-Lippe<br>Auf der Horst 29, 48147 M\u00fcnster, Tel. 0251.507-0<\/p>\n\n\n\n<h3 class=\"wp-block-heading\"><strong>Berufsordnung der Zahn\u00e4rztekammer Westfalen-Lippe<\/strong><\/h3>\n\n\n\n<p class=\"has-medium-font-size\"><a href=\"http:\/\/www.zahnaerzte-wl.de\/\" target=\"_blank\" rel=\"noreferrer noopener\">www.zahnaerzte-wl.de<\/a><\/p>\n<\/div>\n\n\n\n<div class=\"wp-block-column is-layout-flow wp-block-column-is-layout-flow\">\n<h2 class=\"wp-block-heading\"><strong>Datenschutzerkl\u00e4rung<\/strong><\/h2>\n\n\n\n<h3 class=\"wp-block-heading\"><strong>Datenschutz<\/strong><\/h3>\n\n\n\n<p class=\"has-medium-font-size\">Die Betreiber dieser Seiten nehmen den Schutz Ihrer pers\u00f6nlichen Daten sehr ernst. Wir behandeln Ihre personenbezogenen Daten vertraulich und entsprechend den gesetzlichen Datenschutzvorschriften sowie dieser Datenschutzerkl\u00e4rung. Die Nutzung unserer Website ist in der Regel ohne Angabe personenbezogener Daten m\u00f6glich. Soweit auf unseren Seiten personenbezogene Daten (beispielsweise Name, Anschrift oder E-Mail-Adressen) erhoben werden, erfolgt dies, soweit m\u00f6glich, stets auf freiwilliger Basis. Diese Daten werden ohne Ihre ausdr\u00fcckliche Zustimmung nicht an Dritte weitergegeben. Wir weisen darauf hin, dass die Daten\u00fcbertragung im Internet (z.B. bei der Kommunikation per E-Mail) Sicherheitsl\u00fccken aufweisen kann. Ein l\u00fcckenloser Schutz der Daten vor dem Zugriff durch Dritte ist nicht m\u00f6glich.<\/p>\n\n\n\n<h3 class=\"wp-block-heading\"><strong>Recht auf Auskunft, L\u00f6schung, Sperrung<\/strong><\/h3>\n\n\n\n<p class=\"has-medium-font-size\">Sie haben jederzeit das Recht auf unentgeltliche Auskunft \u00fcber Ihre gespeicherten personenbezogenen Daten, deren Herkunft und Empf\u00e4nger und den Zweck der Datenverarbeitung sowie ein Recht auf Berichtigung, Sperrung oder L\u00f6schung dieser Daten. Hierzu sowie zu weiteren Fragen zum Thema personenbezogene Daten k\u00f6nnen Sie sich jederzeit unter der im Impressum angegebenen Adresse an uns wenden.<\/p>\n\n\n\n<h3 class=\"wp-block-heading\"><strong>Widerspruch Werbe-Mails<\/strong><\/h3>\n\n\n\n<p class=\"has-medium-font-size\">Der Nutzung von im Rahmen der Impressumspflicht ver\u00f6ffentlichten Kontaktdaten zur \u00dcbersendung von nicht ausdr\u00fccklich angeforderter Werbung und Informationsmaterialien wird hiermit widersprochen. Die Betreiber der Seiten behalten sich ausdr\u00fccklich rechtliche Schritte im Falle der unverlangten Zusendung von Werbeinformationen, etwa durch Spam-E-Mails, vor.<\/p>\n\n\n\n<h3 class=\"wp-block-heading\"><strong>Google Maps<\/strong><\/h3>\n\n\n\n<p class=\"has-medium-font-size\">Diese Webseite verwendet das Produkt Google Maps von Google Inc. Durch Nutzung dieser Webseite erkl\u00e4ren Sie sich mit der Erfassung, Bearbeitung sowie Nutzung der automatisiert erhobenen Daten durch Google Inc, deren Vertreter sowie Dritter einverstanden.<br>Die Nutzungsbedingungen von Google Maps finden Sie unter&nbsp;<a href=\"https:\/\/www.google.com\/intl\/de_de\/help\/terms_maps.html\" target=\"_blank\" rel=\"noreferrer noopener\">Nutzungsbedingungen von Google Maps<\/a>.<\/p>\n\n\n\n<p class=\"has-medium-font-size\">Quelle:&nbsp;<a href=\"https:\/\/www.e-recht24.de\/\" target=\"_blank\" rel=\"noreferrer noopener\">eRecht24<\/a><\/p>\n\n\n\n<h2 class=\"wp-block-heading\"><strong>Hinweise<\/strong><\/h2>\n\n\n\n<h3 class=\"wp-block-heading\"><strong>Verbraucherstreitbeilegungsgesetz<\/strong><\/h3>\n\n\n\n<p class=\"has-medium-font-size\">Im Hinblick auf eine Verpflichtung aus den \u00a7\u00a7 36, 37 Verbraucherstreitbeilegungsgesetz setzen wir unsere Patienten \u00fcber Folgendes in Kenntnis: <br>Unsere Praxis ist nicht zur Teilnahme an einem au\u00dfergerichtlichen Streitbeilegungsverfahren vor einer Verbraucherschlichtungsstelle verpflichtet und nimmt auch an einem au\u00dfergerichtlichen Streitbeilegungsverfahren vor einer Verbraucherschlichtungsstelle nicht teil.<\/p>\n<\/div>\n<\/div>\n","protected":false},"excerpt":{"rendered":"<p>Angaben gem\u00e4\u00df \u00a75 TMG Zahnarztpraxis Dr. med. dent. Sabine G\u00f6hner Anschrift Elverdisser Stra\u00dfe 37032052 Herford Telefon 05221\/70171 E-Mail dres.kuhlmann.goehner@t-online.de Steuer-Nr. 324\/5831\/0450 Inhaltlich verantwortlich Dr. med. dent. Sabine G\u00f6hner Berufsbezeichnung Dr. med. dent. Sabine G\u00f6hnerZahn\u00e4rztin (verliehen in der Bundesrepublik Deutschland) Zust\u00e4ndige Aufsichtsbeh\u00f6rde Kassenzahn\u00e4rztliche Vereinigung Westfalen-LippeAuf der Horst 29, 48147 M\u00fcnster, Tel. 0251.507-0 Zust\u00e4ndige Kammer f\u00fcr berufsrechtliche&hellip;&nbsp;<a href=\"https:\/\/www.zahnteam-herford.de\/index.php\/impressum\/\" rel=\"bookmark\">Weiterlesen &raquo;<span class=\"screen-reader-text\">Impressum<\/span><\/a><\/p>\n","protected":false},"author":1,"featured_media":0,"parent":0,"menu_order":0,"comment_status":"closed","ping_status":"closed","template":"","meta":{"neve_meta_sidebar":"","neve_meta_container":"","neve_meta_enable_content_width":"","neve_meta_content_width":0,"neve_meta_title_alignment":"","neve_meta_author_avatar":"","neve_post_elements_order":"","neve_meta_disable_header":"","neve_meta_disable_footer":"","neve_meta_disable_title":"on","iawp_total_views":233,"footnotes":""},"class_list":["post-58","page","type-page","status-publish","hentry"],"_links":{"self":[{"href":"https:\/\/www.zahnteam-herford.de\/index.php\/wp-json\/wp\/v2\/pages\/58","targetHints":{"allow":["GET"]}}],"collection":[{"href":"https:\/\/www.zahnteam-herford.de\/index.php\/wp-json\/wp\/v2\/pages"}],"about":[{"href":"https:\/\/www.zahnteam-herford.de\/index.php\/wp-json\/wp\/v2\/types\/page"}],"author":[{"embeddable":true,"href":"https:\/\/www.zahnteam-herford.de\/index.php\/wp-json\/wp\/v2\/users\/1"}],"replies":[{"embeddable":true,"href":"https:\/\/www.zahnteam-herford.de\/index.php\/wp-json\/wp\/v2\/comments?post=58"}],"version-history":[{"count":9,"href":"https:\/\/www.zahnteam-herford.de\/index.php\/wp-json\/wp\/v2\/pages\/58\/revisions"}],"predecessor-version":[{"id":417,"href":"https:\/\/www.zahnteam-herford.de\/index.php\/wp-json\/wp\/v2\/pages\/58\/revisions\/417"}],"wp:attachment":[{"href":"https:\/\/www.zahnteam-herford.de\/index.php\/wp-json\/wp\/v2\/media?parent=58"}],"curies":[{"name":"wp","href":"https:\/\/api.w.org\/{rel}","templated":true}]}}